{"id":484,"date":"2023-11-22T17:14:38","date_gmt":"2023-11-22T17:14:38","guid":{"rendered":"http:\/\/insightsnet.org\/?page_id=484"},"modified":"2024-02-25T11:37:20","modified_gmt":"2024-02-25T11:37:20","slug":"insightsnet-publications","status":"publish","type":"page","link":"https:\/\/insightsnet.org\/de\/insightsnet-publications","title":{"rendered":"InsightsNet publications"},"content":{"rendered":"\n<p>Elena Volkanovska, Sherry Tan, Changxu Duan, Debajyoti Chowdhury, and Sabine Bartsch. 2023. <a href=\"https:\/\/aclanthology.org\/2023.limo-1.6\">Presenting an Annotation Pipeline for Fine-grained Linguistic Analyses of Multimodal Corpora<\/a>. In <em>Proceedings of the 1st Workshop on Linguistic Insights from and for Multimodal Language Processing<\/em>, pages 47\u201357, Ingolstadt, Germany. Association for Computational Lingustics. [<a href=\"https:\/\/aclanthology.org\/2023.limo-1.6\/\" target=\"_blank\" rel=\"noreferrer noopener\">https:\/\/aclanthology.org\/2023.limo-1.6\/<\/a>]<\/p>\n\n\n\n<p>Duan, Changxu, Tan, Zhiyin, &amp; Bartsch, Sabine. (2023). LATEX Rainbow: Open Source Document Layout Semantic Annotation Framework. Proceedings of the <a href=\"https:\/\/ui.adsabs.harvard.edu\/WIESP\/2023\/\" data-type=\"link\" data-id=\"https:\/\/ui.adsabs.harvard.edu\/WIESP\/2023\/\">2nd Workshop on Information Extraction from Scientific Publications (WIESP) at IJCNLP-AACL 2023<\/a>, pages 56\u201367. Nov. 1, 2023. Association for Computational Linguistics. [Proceedings URL: <a href=\"https:\/\/ui.adsabs.harvard.edu\/WIESP\/2023\/book.pdf\">https:\/\/ui.adsabs.harvard.edu\/WIESP\/2023\/book.pdf<\/a>]<\/p>\n\n\n\n<p>Korte, Jasper W., Bartsch, Sabine, Beckmann, Rasmus, El Baff, Roxanne, Hamm, Andreas, &amp; Hecking, Tobias. (2023). From causes to consequences, from chat to crisis. The different climate changes of science and Wikipedia. <em>Environmental Science &amp; Policy<\/em>, <em>148<\/em>, 103553. <a href=\"https:\/\/doi.org\/10.1016\/j.envsci.2023.103553\">https:\/\/doi.org\/10.1016\/j.envsci.2023.103553<\/a><\/p>\n\n\n\n<p>El Baff, Roxanne, Hecking, Tobias, Hamm, Andreas, Korte, Jasper W., &amp; Bartsch, Sabine. (2023, forthcoming). Corpus Annotation Graph Builder (CAG): An Architectural Framework to Build and Annotate a Multi-source Graph. <em>EACL 2023<\/em>. EACL 2023. DOI: <a href=\"http:\/\/dx.doi.org\/10.18653\/v1\/2023.eacl-demo.28\" target=\"_blank\" rel=\"noreferrer noopener\">10.18653\/v1\/2023.eacl-demo.28<\/a><\/p>\n\n\n\n<p>Volkanovska, Elena, Tan, Sherry, Duan, Changxu, Bartsch, Sabine, &amp; Stille, Wolfgang. (2023). The InsightsNet Climate Change Corpus (ICCC): Compiling a Multimodal Corpus of Discourses in a Multi-Disciplinary Domain. <em>Datenbank-Spektrum<\/em>, <em>23<\/em>(3), 177\u2013188. <a href=\"https:\/\/doi.org\/10.1007\/s13222-023-00454-1\">https:\/\/doi.org\/10.1007\/s13222-023-00454-1<\/a><\/p>\n\n\n\n<p>Bartsch, Sabine, Duan, Changxu, Tan, Sherry, Volkanovska, Elena, &amp; Stille, Wolfgang. (2023). <em>The InsightsNet Climate Change Corpus (ICCC)<\/em>. <a href=\"https:\/\/doi.org\/10.18420\/BTW2023-59\">https:\/\/doi.org\/10.18420\/BTW2023-59<\/a><\/p>\n\n\n\n<p><\/p>\n\n\n\n<h1 class=\"wp-block-heading\">InsightsNet talks<\/h1>\n\n\n\n<p>Duan, Changxu, Tan, Zhiyin, &amp; Bartsch, Sabine. (2023). LATEX Rainbow: Open Source Document Layout Semantic Annotation Framework. Proceedings of the 2nd Workshop on Information Extraction from Scientific Publications (WIESP 2023). Virtual Presentation at Workshop on 1 November 2023. Speaker: Changxu Duan. [URL presentation schedule: <a href=\"https:\/\/ui.adsabs.harvard.edu\/WIESP\/2023\/schedule\">https:\/\/ui.adsabs.harvard.edu\/WIESP\/2023\/schedule<\/a> ]<\/p>\n\n\n\n<p>Korte, Jasper W. (2023): \u201eFrom causes to consequences, from chat to crisis \u2013 die unterschiedlichen Klimawandel von Wissenschaft und Wikipedia\u201c. Vortrag auf der GWTF Jahrestagung \u201eKlimawelten\u201c am 16.11.2023 in Dortmund, Deutschland. [URL: <a href=\"http:\/\/www.gwtf.de\/\">http:\/\/www.gwtf.de\/<\/a>]<\/p>\n\n\n\n<p>El Baff, Roxanne, Hecking, Tobias, Hamm, Andreas, Korte, Jasper W., &amp; Bartsch, Sabine. (2023). Corpus Annotation Graph Builder (CAG): An Architectural Framework to Build and Annotate a Multi-source Graph. <em>EACL 2023<\/em>. Speaker: Roxanne El Baff. [Video presentation submitted with paper in ACL Anthology: <a href=\"https:\/\/aclanthology.org\/2023.eacl-demo.28.mp4\" target=\"_blank\" rel=\"noreferrer noopener\">https:\/\/aclanthology.org\/2023.eacl-demo.28.mp4<\/a>]<\/p>\n\n\n\n<p>Korte, Jasper W. (2023): \u201eKlimawandel, K\u00fcnstliche Intelligenz und Soziologie\u201c. Vortrag auf dem Treffen des Netzwerks \u201eSoziologie soziologischen Wissens\u201c am 20.10.2023 in Luzern, Schweiz.<\/p>\n\n\n\n<p>Volkanovska, Elena, Tan, Sherry, Duan, Changxu, Chowdhury, Debajyoti &amp; Bartsch, Sabine. (2023). Presenting an Annotation Pipeline for Fine-grained Linguistic Analyses of Multimodal Corpora. Speaker. Elena Volkanovska. LIMO 2023 Workshop &#8211; Linguistic Insights from and for Multimodal Language Processing. Co-located with KONVENS2023. [URL: <a href=\"https:\/\/sites.google.com\/view\/limo2023\/\">https:\/\/sites.google.com\/view\/limo2023\/<\/a> ]<\/p>\n\n\n\n<p>Bartsch, Sabine, Duan, Changxu, Tan, Sherry, Volkanovska, Elena &amp; Stille, Wolfgang. (2023). The InsightsNet Climate Change Corpus (ICCC) &#8211; Compiling a Multimodal Corpus of Discourses in a Multi-Disciplinary Domain. Workshop on Big (and Small) Data in Science and Humanities (BigDS2023). 07.03.2023. Organizers: Andreas Henrich, Universit\u00e4t Bamberg | Naouel Karam, Fraunhofer FOKUS &amp; InfAI e.V. | Birgitta K\u00f6nig-Ries, Friedrich-Schiller-Universit\u00e4t Jena | Bernhard Seeger, Philipps-Universit\u00e4t Marburg. Technische Universit\u00e4t Dresden. [URL: <a href=\"https:\/\/sites.google.com\/view\/btw-2023-tud\/program\/workshops\/w2-big-and-small-data-in-science-and-humanities\">https:\/\/sites.google.com\/view\/btw-2023-tud\/program\/workshops\/w2-big-and-small-data-in-science-and-humanities<\/a>]<\/p>\n\n\n\n<p><\/p>\n","protected":false},"excerpt":{"rendered":"<p>Elena Volkanovska, Sherry Tan, Changxu Duan, Debajyoti Chowdhury, and Sabine Bartsch. 2023. Presenting an Annotation Pipeline for Fine-grained Linguistic Analyses of Multimodal Corpora. In Proceedings of the 1st Workshop on Linguistic Insights from and for Multimodal Language Processing, pages 47\u201357, Ingolstadt, Germany. Association for Computational Lingustics. [https:\/\/aclanthology.org\/2023.limo-1.6\/] Duan, Changxu, Tan, Zhiyin, &amp; Bartsch, Sabine. (2023).&hellip;&nbsp;<a href=\"https:\/\/insightsnet.org\/de\/insightsnet-publications\" rel=\"bookmark\">Weiterlesen &raquo;<span class=\"screen-reader-text\">InsightsNet publications<\/span><\/a><\/p>\n","protected":false},"author":2,"featured_media":0,"parent":0,"menu_order":0,"comment_status":"closed","ping_status":"closed","template":"","meta":{"neve_meta_sidebar":"","neve_meta_container":"","neve_meta_enable_content_width":"","neve_meta_content_width":0,"neve_meta_title_alignment":"","neve_meta_author_avatar":"","neve_post_elements_order":"","neve_meta_disable_header":"","neve_meta_disable_footer":"","neve_meta_disable_title":"","footnotes":""},"class_list":["post-484","page","type-page","status-publish","hentry"],"_links":{"self":[{"href":"https:\/\/insightsnet.org\/de\/wp-json\/wp\/v2\/pages\/484","targetHints":{"allow":["GET"]}}],"collection":[{"href":"https:\/\/insightsnet.org\/de\/wp-json\/wp\/v2\/pages"}],"about":[{"href":"https:\/\/insightsnet.org\/de\/wp-json\/wp\/v2\/types\/page"}],"author":[{"embeddable":true,"href":"https:\/\/insightsnet.org\/de\/wp-json\/wp\/v2\/users\/2"}],"replies":[{"embeddable":true,"href":"https:\/\/insightsnet.org\/de\/wp-json\/wp\/v2\/comments?post=484"}],"version-history":[{"count":18,"href":"https:\/\/insightsnet.org\/de\/wp-json\/wp\/v2\/pages\/484\/revisions"}],"predecessor-version":[{"id":513,"href":"https:\/\/insightsnet.org\/de\/wp-json\/wp\/v2\/pages\/484\/revisions\/513"}],"wp:attachment":[{"href":"https:\/\/insightsnet.org\/de\/wp-json\/wp\/v2\/media?parent=484"}],"curies":[{"name":"wp","href":"https:\/\/api.w.org\/{rel}","templated":true}]}}